{"id":8,"date":"2010-05-23T18:50:34","date_gmt":"2010-05-23T16:50:34","guid":{"rendered":"http:\/\/www2.koneyrittajat.fi\/koneyrittaja\/?page_id=8"},"modified":"2026-02-13T10:27:04","modified_gmt":"2026-02-13T08:27:04","slug":"media-tiedot","status":"publish","type":"page","link":"http:\/\/www.koneyrittaja.fi\/?page_id=8","title":{"rendered":"Mediatiedot"},"content":{"rendered":"<h2><a href=\"http:\/\/www.koneyrittaja.fi\/wp-content\/uploads\/2025\/12\/mediakortti2026.pdf\">Koneyritt\u00e4j\u00e4 mediakortti 2026<\/a><\/h2>\n<h2><a href=\"http:\/\/www.koneyrittaja.fi\/wp-content\/uploads\/2026\/02\/mediacard2026.pdf\">Koneyritt\u00e4j\u00e4_mediacard 2026<\/a><\/h2>\n<h3><strong>Lehden julkaisija<\/strong><\/h3>\n<p>Finnmetko Oy<br \/>\nSitratie 7<br \/>\n00420 Helsinki<\/p>\n<h3><strong>Toimitus<\/strong><\/h3>\n<p>Puhelin: 040 9009 410<\/p>\n<p>Sitratie 7<br \/>\n00420 Helsinki<\/p>\n<h3>Vastaava toimittaja<\/h3>\n<p>Matti Peltola<\/p>\n<h3>Toimituksen sihteeri<\/h3>\n<p>Tiina Rajaniemi<\/p>\n<h3><span style=\"font-size: 1.17em; line-height: 1.5em;\">Ilmoitukset<\/span><\/h3>\n<p>Ilm.myynti: <a href=\"mailto:tapio.hirvikoski@koneyrittajat.fi\">Tapio Hirvikoski<\/a><\/p>\n<p>Puhelin: 040 9009 417<\/p>\n<h2>ISSN numerot<\/h2>\n<p>ISSN 0788-9860 (painettu)<br \/>\nISSN 2670-367X (verkkojulkaisu)<\/p>\n","protected":false},"excerpt":{"rendered":"<p>Koneyritt\u00e4j\u00e4 mediakortti 2026 Koneyritt\u00e4j\u00e4_mediacard 2026 Lehden julkaisija <\/p>\n<p>Finnmetko Oy Sitratie 7 00420 Helsinki<\/p>\n<p> Toimitus <\/p>\n<p>Puhelin: 040 9009 410<\/p>\n<p>Sitratie 7 00420 Helsinki<\/p>\n<p> Vastaava toimittaja <\/p>\n<p>Matti Peltola<\/p>\n<p> Toimituksen sihteeri <\/p>\n<p>Tiina Rajaniemi<\/p>\n<p> Ilmoitukset <\/p>\n<p>Ilm.myynti: Tapio Hirvikoski<\/p>\n<p>Puhelin: 040 9009 417<\/p>\n<p> ISSN numerot <\/p>\n<p>ISSN 0788-9860 (painettu) ISSN 2670-367X (verkkojulkaisu)<\/p>\n","protected":false},"author":1,"featured_media":0,"parent":0,"menu_order":0,"comment_status":"closed","ping_status":"open","template":"","meta":[],"_links":{"self":[{"href":"http:\/\/www.koneyrittaja.fi\/index.php?rest_route=\/wp\/v2\/pages\/8"}],"collection":[{"href":"http:\/\/www.koneyrittaja.fi\/index.php?rest_route=\/wp\/v2\/pages"}],"about":[{"href":"http:\/\/www.koneyrittaja.fi\/index.php?rest_route=\/wp\/v2\/types\/page"}],"author":[{"embeddable":true,"href":"http:\/\/www.koneyrittaja.fi\/index.php?rest_route=\/wp\/v2\/users\/1"}],"replies":[{"embeddable":true,"href":"http:\/\/www.koneyrittaja.fi\/index.php?rest_route=%2Fwp%2Fv2%2Fcomments&post=8"}],"version-history":[{"count":62,"href":"http:\/\/www.koneyrittaja.fi\/index.php?rest_route=\/wp\/v2\/pages\/8\/revisions"}],"predecessor-version":[{"id":3249,"href":"http:\/\/www.koneyrittaja.fi\/index.php?rest_route=\/wp\/v2\/pages\/8\/revisions\/3249"}],"wp:attachment":[{"href":"http:\/\/www.koneyrittaja.fi\/index.php?rest_route=%2Fwp%2Fv2%2Fmedia&parent=8"}],"curies":[{"name":"wp","href":"https:\/\/api.w.org\/{rel}","templated":true}]}}